{"id":174,"date":"2015-04-23T17:11:51","date_gmt":"2015-04-23T17:11:51","guid":{"rendered":"http:\/\/residencialpraiadosa.hospedagemdesites.ws\/residencial\/?page_id=174"},"modified":"2016-02-24T13:43:34","modified_gmt":"2016-02-24T13:43:34","slug":"localizacao","status":"publish","type":"page","link":"https:\/\/residencialgeriatrico.com.br\/index.php\/localizacao\/","title":{"rendered":"Localiza\u00e7\u00e3o"},"content":{"rendered":"<div class=\"clearboth\"><\/div><\/div><\/div><\/div><div id=\"mk-page-section-69fc7ea0afe05\" data-intro-effect=\"false\" class=\"full-width-69fc7ea0afe05 mk-background-stretch  full-height-false mk-page-section self-hosted mk-blur-parent mk-shortcode  \" ><div class=\"mk-video-color-mask\"><\/div><div class=\"background-clipper\"><div id=\"background-layer--69fc7ea0afe05\" class=\"background-layer mk-background-stretch  clipper-false parallax-false\" data-speedFactor=\"0.3\"><\/div><\/div><div class=\"mk-grid vc_row-fluid page-section-content\"><div class=\"mk-padding-wrapper\">\n\t<div style=\"\" class=\"vc_col-sm-12 wpb_column column_container \">\n\t\t\t<h2 style=\"font-size: 70px;text-align:left;color: #ffffff;font-style:inhert;font-weight:900;padding-top:345px;padding-bottom:0px; text-transform:uppercase;letter-spacing:0px;\" id=\"fancy-title-69fc7ea0b015d\" class=\"mk-shortcode mk-fancy-title fancy-title-align-left mk-force-responsive  mk-animate-element fade-in simple-style \"><span style=\"\">Localiza\u00e7\u00e3o<\/span><\/h2><div class=\"clearboth\"><\/div>\n\t<\/div><\/div><div class=\"clearboth\"><\/div><\/div><div class=\"clearboth\"><\/div><\/div><div class=\"mk-main-wrapper-holder\"><div class=\"theme-page-wrapper  -layout mk-grid vc_row-fluid row-fluid\"><div class=\"theme-content \"><div id=\"ajax-69fc7ea0afe05\" class=\"mk-dynamic-styles\"><!--  .full-width-69fc7ea0afe05 { min-height:450px; padding:0px 0 0px; margin-bottom:0px; } #background-layer--69fc7ea0afe05 { background-image:url(https:\/\/residencialgeriatrico.com.br\/wp-content\/uploads\/2015\/04\/localiza21.jpg); background-position:center bottom; background-repeat:repeat; ; } .mk-main-wrapper { display: none; } #theme-page { padding-top:0; }--><\/div><div class=\"clearboth\"><\/div><\/div><\/div><\/div><div id=\"mk-page-section-69fc7ea0b029f\" data-intro-effect=\"false\" class=\"full-width-69fc7ea0b029f  full-height-false mk-page-section self-hosted mk-blur-parent mk-shortcode  \" ><div class=\"mk-video-color-mask\"><\/div><div class=\"background-clipper\"><\/div><div class=\"mk-grid vc_row-fluid page-section-content\"><div class=\"mk-padding-wrapper\">\n\t<div style=\"\" class=\"vc_col-sm-8 wpb_column column_container \">\n\t\t\t\t<div style=\" margin-bottom:0px;text-align: left;\" class=\"mk-text-block  true\"><p style=\"text-align: right;\">Atrav\u00e9s de uma paisagem deslumbrante, a Praia dos Amores \u00e9 uma praia \u00fanica e\u00a0agrad\u00e1vel,\u00a0onde todos que moram\u00a0encontram modernidade e seguran\u00e7a pr\u00f3ximo a natureza, proporcionando\u00a0conforto e bem-estar para nossos idosos.<\/p>\n<p style=\"text-align: right;\">Estamos localizados a 30 metros do mar, em uma localiza\u00e7\u00e3o\u00a0privilegiada com vis\u00e3o panor\u00e2mica de toda a praia, um ambiente relaxante e acolhedor,\u00a0pr\u00f3ximo a restaurantes, pontos tur\u00edsticos da cidade, farm\u00e1cias, hospitais em uma infra estrutura completa.<\/p>\n<div class=\"clearboth\"><\/div><\/div> <div style=\"font-size: 16px;\" id=\"blockquote-69fc7ea0b04c5\" class=\"mk-shortcode mk-blockquote quote-style  mk-animate-element fade-in \"><em>INFRA ESTRUTURA COMPLETA DE LAZER E SEGURAN\u00c7A.<\/em><\/div>\n\t<\/div>\n\t<div style=\"\" class=\"vc_col-sm-4 wpb_column column_container \">\n\t\t\t<div class=\"mk-image-shortcode mk-shortcode   align-right simple-frame inside-image \" style=\"max-width: 400px; margin-bottom:-50px\"><div class=\"mk-image-inner\"><img class=\"lightbox-false\" alt=\"\" title=\"\" src=\"https:\/\/residencialgeriatrico.com.br\/wp-content\/uploads\/2015\/04\/retired-couple.jpg\" \/><\/div><div class=\"clearboth\"><\/div><\/div>\n\t<\/div><\/div><div class=\"clearboth\"><\/div><\/div><div class=\"clearboth\"><\/div><\/div><div><div><div><div id=\"ajax-69fc7ea0b029f\" class=\"mk-dynamic-styles\"><!--  .full-width-69fc7ea0b029f { min-height:100px; padding:10px 0 10px; margin-bottom:0px; } #background-layer--69fc7ea0b029f { background-position:left top; background-repeat:repeat; ; } --><\/div><div class=\"clearboth\"><\/div><\/div><\/div><\/div><div id=\"mk-page-section-69fc7ea0b0807\" data-intro-effect=\"false\" class=\"full-width-69fc7ea0b0807 mk-background-stretch  full-height-false mk-page-section self-hosted mk-blur-parent mk-shortcode  \" ><div class=\"mk-video-color-mask\"><\/div><div class=\"background-clipper\"><\/div><div class=\"vc_row-fluid page-section-fullwidth page-section-content\"><div class=\"mk-padding-wrapper\">\n\t<div style=\"\" class=\"vc_col-sm-12 wpb_column column_container \">\n\t\t\t\n\t<div class=\"wpb_raw_code wpb_content_element wpb_raw_html\">\n\t\t<div class=\"wpb_wrapper\">\n\t\t\t<iframe src=\"https:\/\/www.google.com\/maps\/embed?pb=!1m18!1m12!1m3!1d3556.3326237722536!2d-48.63020400000356!3d-26.956364012603263!2m3!1f0!2f0!3f0!3m2!1i1024!2i768!4f13.1!3m3!1m2!1s0x0%3A0x0!2zMjbCsDU3JzIzLjciUyA0OMKwMzcnNTAuNCJX!5e0!3m2!1sen!2sus!4v1429814054716\" width=\"100%\" height=\"150\" frameborder=\"0\" style=\"border:0\"><\/iframe>\n\t\t<\/div>\n\t<\/div>\n\n\t<\/div><\/div><div class=\"clearboth\"><\/div><\/div><div class=\"clearboth\"><\/div><\/div><div><div><div><div id=\"ajax-69fc7ea0b0807\" class=\"mk-dynamic-styles\"><!--  .full-width-69fc7ea0b0807 { min-height:150px; padding:0px 0 0px; margin-bottom:0px; } #background-layer--69fc7ea0b0807 { background-position:center bottom; background-repeat:repeat; ; } .mk-main-wrapper { display: none; } #theme-page { padding-top:0; }--><\/div>\n","protected":false},"excerpt":{"rendered":"Localiza\u00e7\u00e3o Atrav\u00e9s de uma paisagem deslumbrante, a Praia dos Amores \u00e9 uma praia \u00fanica e\u00a0agrad\u00e1vel,\u00a0onde todos que moram\u00a0encontram modernidade e seguran\u00e7a pr\u00f3ximo a natureza, proporcionando\u00a0conforto e bem-estar para nossos idosos. Estamos localizados a 30 metros do mar, em uma localiza\u00e7\u00e3o\u00a0privilegiada com vis\u00e3o panor\u00e2mica de toda a praia, um ambiente relaxante e acolhedor,\u00a0pr\u00f3ximo a restaurantes, pontos [...]","protected":false},"author":1,"featured_media":0,"parent":0,"menu_order":0,"comment_status":"open","ping_status":"open","template":"","meta":{"_monsterinsights_skip_tracking":false,"_monsterinsights_sitenote_active":false,"_monsterinsights_sitenote_note":"","_monsterinsights_sitenote_category":0},"aioseo_notices":[],"_links":{"self":[{"href":"https:\/\/residencialgeriatrico.com.br\/index.php\/wp-json\/wp\/v2\/pages\/174"}],"collection":[{"href":"https:\/\/residencialgeriatrico.com.br\/index.php\/wp-json\/wp\/v2\/pages"}],"about":[{"href":"https:\/\/residencialgeriatrico.com.br\/index.php\/wp-json\/wp\/v2\/types\/page"}],"author":[{"embeddable":true,"href":"https:\/\/residencialgeriatrico.com.br\/index.php\/wp-json\/wp\/v2\/users\/1"}],"replies":[{"embeddable":true,"href":"https:\/\/residencialgeriatrico.com.br\/index.php\/wp-json\/wp\/v2\/comments?post=174"}],"version-history":[{"count":2,"href":"https:\/\/residencialgeriatrico.com.br\/index.php\/wp-json\/wp\/v2\/pages\/174\/revisions"}],"predecessor-version":[{"id":264,"href":"https:\/\/residencialgeriatrico.com.br\/index.php\/wp-json\/wp\/v2\/pages\/174\/revisions\/264"}],"wp:attachment":[{"href":"https:\/\/residencialgeriatrico.com.br\/index.php\/wp-json\/wp\/v2\/media?parent=174"}],"curies":[{"name":"wp","href":"https:\/\/api.w.org\/{rel}","templated":true}]}}