{"id":225,"date":"2015-04-24T20:00:45","date_gmt":"2015-04-24T20:00:45","guid":{"rendered":"http:\/\/residencialpraiadosa.hospedagemdesites.ws\/residencial\/?page_id=222"},"modified":"2016-02-24T14:50:27","modified_gmt":"2016-02-24T14:50:27","slug":"contato","status":"publish","type":"page","link":"https:\/\/residencialgeriatrico.com.br\/index.php\/contato\/","title":{"rendered":"Contato"},"content":{"rendered":"<div class=\"clearboth\"><\/div><\/div><\/div><\/div><div id=\"mk-page-section-69fc7ec18d107\" data-intro-effect=\"false\" class=\"full-width-69fc7ec18d107 mk-background-stretch  full-height-false mk-page-section self-hosted mk-blur-parent mk-shortcode  \" ><div class=\"mk-video-color-mask\"><\/div><div class=\"background-clipper\"><div id=\"background-layer--69fc7ec18d107\" class=\"background-layer mk-background-stretch  clipper-false parallax-false\" data-speedFactor=\"0.3\"><\/div><\/div><div class=\"mk-grid vc_row-fluid page-section-content\"><div class=\"mk-padding-wrapper\">\n\t<div style=\"\" class=\"vc_col-sm-12 wpb_column column_container \">\n\t\t\t<h2 style=\"font-size: 70px;text-align:left;color: #ffffff;font-style:inherit;font-weight:900;padding-top:345px;padding-bottom:0px; text-transform:uppercase;letter-spacing:0px;\" id=\"fancy-title-69fc7ec18d4b8\" class=\"mk-shortcode mk-fancy-title fancy-title-align-left mk-force-responsive  mk-animate-element fade-in simple-style \"><span style=\"\">Contato<\/span><\/h2><div class=\"clearboth\"><\/div>\n\t<\/div><\/div><div class=\"clearboth\"><\/div><\/div><div class=\"clearboth\"><\/div><\/div><div><div><div><div id=\"ajax-69fc7ec18d107\" class=\"mk-dynamic-styles\"><!--  .full-width-69fc7ec18d107 { min-height:450px; padding:0px 0 0px; margin-bottom:0px; } #background-layer--69fc7ec18d107 { background-image:url(https:\/\/residencialgeriatrico.com.br\/wp-content\/uploads\/2015\/04\/cami2.jpg); background-position:left center; background-repeat:repeat; ; } .mk-main-wrapper { display: none; } #theme-page { padding-top:0; }--><\/div><div class=\"clearboth\"><\/div><\/div><\/div><\/div><div id=\"mk-page-section-69fc7ec18d617\" data-intro-effect=\"false\" class=\"full-width-69fc7ec18d617  full-height-false mk-page-section self-hosted mk-blur-parent mk-shortcode  \" ><div class=\"mk-video-color-mask\"><\/div><div class=\"background-clipper\"><\/div><div class=\"mk-grid vc_row-fluid page-section-content\"><div class=\"mk-padding-wrapper\">\n\t<div style=\"\" class=\"vc_col-sm-12 wpb_column column_container \">\n\t\t\t\t<div style=\"text-align: left;\" class=\"mk-text-block  true\"><p>Estamos muito interessados no que voc\u00ea tem a dizer. Por isso, criamos este espa\u00e7o especialmente esclarecer suas d\u00favidas, fazer seus coment\u00e1rios\u00a0e\u00a0dar sugest\u00f5es.\u00a0Escreva, \u00e9 f\u00e1cil, r\u00e1pido e teremos o maior prazer em responder.<\/p>\n<p>Telefone: <strong>(047) 3360.1225<\/strong>. | Email:\u00a0<strong><a href=\"mailto:contato@\">contato@<\/a><\/strong><\/p>\n<div class=\"clearboth\"><\/div><\/div> \n\t<\/div><\/div><div class=\"clearboth\"><\/div><\/div><div class=\"clearboth\"><\/div><\/div><div><div><div><div id=\"ajax-69fc7ec18d617\" class=\"mk-dynamic-styles\"><!--  .full-width-69fc7ec18d617 { min-height:100px; padding:15px 0 10px; margin-bottom:0px; } #background-layer--69fc7ec18d617 { background-position:left top; background-repeat:repeat; ; } .mk-main-wrapper { display: none; } #theme-page { padding-top:0; }--><\/div><div class=\"clearboth\"><\/div><\/div><\/div><\/div><div id=\"mk-page-section-69fc7ec18d8d8\" data-intro-effect=\"false\" class=\"full-width-69fc7ec18d8d8  full-height-false mk-page-section self-hosted mk-blur-parent mk-shortcode  \" ><div class=\"mk-video-color-mask\"><\/div><div class=\"background-clipper\"><\/div><div class=\"mk-grid vc_row-fluid page-section-content\"><div class=\"mk-padding-wrapper\">\n\t<div style=\"\" class=\"vc_col-sm-3 wpb_column column_container \">\n\t\t\t\t<div style=\"text-align: left;\" class=\"mk-text-block  true\"><p style=\"text-align: right;\">Este \u00e9 um formul\u00e1rio de contato. Basta escrever sua mensagem e enviar. Ela ser\u00e1 encaminhada por e-mail, diretamente para n\u00f3s.<\/p>\n<div class=\"clearboth\"><\/div><\/div> \n\t<\/div>\n\t<div style=\"\" class=\"vc_col-sm-9 wpb_column column_container \">\n\t\t\t\t<div style=\"text-align: left;\" class=\"mk-text-block  true\"><div role=\"form\" class=\"wpcf7\" id=\"wpcf7-f446-o1\" lang=\"pt-BR\" dir=\"ltr\">\n<div class=\"screen-reader-response\"><\/div>\n<form action=\"\/index.php\/wp-json\/wp\/v2\/pages\/225#wpcf7-f446-o1\" method=\"post\" class=\"wpcf7-form\" novalidate=\"novalidate\">\n<div style=\"display: none;\">\n<input type=\"hidden\" name=\"_wpcf7\" value=\"446\" \/>\n<input type=\"hidden\" name=\"_wpcf7_version\" value=\"4.4\" \/>\n<input type=\"hidden\" name=\"_wpcf7_locale\" value=\"pt_BR\" \/>\n<input type=\"hidden\" name=\"_wpcf7_unit_tag\" value=\"wpcf7-f446-o1\" \/>\n<input type=\"hidden\" name=\"_wpnonce\" value=\"2910e51823\" \/>\n<\/div>\n<p>Seu nome (obrigat\u00f3rio)<br \/>\n    <span class=\"wpcf7-form-control-wrap your-name\"><input type=\"text\" name=\"your-name\" value=\"\" size=\"40\" class=\"wpcf7-form-control wpcf7-text wpcf7-validates-as-required\" aria-required=\"true\" aria-invalid=\"false\" \/><\/span> <\/p>\n<p>Seu e-mail (obrigat\u00f3rio)<br \/>\n    <span class=\"wpcf7-form-control-wrap your-email\"><input type=\"email\" name=\"your-email\" value=\"\" size=\"40\" class=\"wpcf7-form-control wpcf7-text wpcf7-email wpcf7-validates-as-required wpcf7-validates-as-email\" aria-required=\"true\" aria-invalid=\"false\" \/><\/span> <\/p>\n<p>Assunto<br \/>\n    <span class=\"wpcf7-form-control-wrap your-subject\"><input type=\"text\" name=\"your-subject\" value=\"\" size=\"40\" class=\"wpcf7-form-control wpcf7-text\" aria-invalid=\"false\" \/><\/span> <\/p>\n<p>Sua mensagem<br \/>\n    <span class=\"wpcf7-form-control-wrap your-message\"><textarea name=\"your-message\" cols=\"40\" rows=\"10\" class=\"wpcf7-form-control wpcf7-textarea\" aria-invalid=\"false\"><\/textarea><\/span> <\/p>\n<p><input type=\"submit\" value=\"Enviar\" class=\"wpcf7-form-control wpcf7-submit\" \/><\/p>\n<div class=\"wpcf7-response-output wpcf7-display-none\"><\/div><\/form><\/div>\n<div class=\"clearboth\"><\/div><\/div> \n\t<\/div><\/div><div class=\"clearboth\"><\/div><\/div><div class=\"clearboth\"><\/div><\/div><div><div><div><div id=\"ajax-69fc7ec18d8d8\" class=\"mk-dynamic-styles\"><!--  .full-width-69fc7ec18d8d8 { min-height:100px; padding:10px 0 10px; margin-bottom:0px; } #background-layer--69fc7ec18d8d8 { background-position:left top; background-repeat:repeat; ; } .mk-main-wrapper { display: none; } #theme-page { padding-top:0; }--><\/div>\n","protected":false},"excerpt":{"rendered":"Contato Estamos muito interessados no que voc\u00ea tem a dizer. Por isso, criamos este espa\u00e7o especialmente esclarecer suas d\u00favidas, fazer seus coment\u00e1rios\u00a0e\u00a0dar sugest\u00f5es.\u00a0Escreva, \u00e9 f\u00e1cil, r\u00e1pido e teremos o maior prazer em responder. Telefone: (047) 3360.1225. | Email:\u00a0contato@ Este \u00e9 um formul\u00e1rio de contato. Basta escrever sua mensagem e enviar. Ela ser\u00e1 encaminhada por e-mail, [...]","protected":false},"author":1,"featured_media":0,"parent":0,"menu_order":0,"comment_status":"open","ping_status":"open","template":"","meta":{"_monsterinsights_skip_tracking":false,"_monsterinsights_sitenote_active":false,"_monsterinsights_sitenote_note":"","_monsterinsights_sitenote_category":0},"aioseo_notices":[],"_links":{"self":[{"href":"https:\/\/residencialgeriatrico.com.br\/index.php\/wp-json\/wp\/v2\/pages\/225"}],"collection":[{"href":"https:\/\/residencialgeriatrico.com.br\/index.php\/wp-json\/wp\/v2\/pages"}],"about":[{"href":"https:\/\/residencialgeriatrico.com.br\/index.php\/wp-json\/wp\/v2\/types\/page"}],"author":[{"embeddable":true,"href":"https:\/\/residencialgeriatrico.com.br\/index.php\/wp-json\/wp\/v2\/users\/1"}],"replies":[{"embeddable":true,"href":"https:\/\/residencialgeriatrico.com.br\/index.php\/wp-json\/wp\/v2\/comments?post=225"}],"version-history":[{"count":13,"href":"https:\/\/residencialgeriatrico.com.br\/index.php\/wp-json\/wp\/v2\/pages\/225\/revisions"}],"predecessor-version":[{"id":462,"href":"https:\/\/residencialgeriatrico.com.br\/index.php\/wp-json\/wp\/v2\/pages\/225\/revisions\/462"}],"wp:attachment":[{"href":"https:\/\/residencialgeriatrico.com.br\/index.php\/wp-json\/wp\/v2\/media?parent=225"}],"curies":[{"name":"wp","href":"https:\/\/api.w.org\/{rel}","templated":true}]}}