{"id":54,"date":"2015-04-21T16:51:00","date_gmt":"2015-04-21T16:51:00","guid":{"rendered":"http:\/\/residencialpraiadosa.hospedagemdesites.ws\/residencial\/?page_id=54"},"modified":"2016-02-24T13:44:29","modified_gmt":"2016-02-24T13:44:29","slug":"servicos","status":"publish","type":"page","link":"https:\/\/residencialgeriatrico.com.br\/index.php\/servicos\/","title":{"rendered":"Servi\u00e7os"},"content":{"rendered":"<div class=\"clearboth\"><\/div><\/div><\/div><\/div><div id=\"mk-page-section-69fc7ea12a0bc\" data-intro-effect=\"false\" class=\"full-width-69fc7ea12a0bc mk-background-stretch  full-height-false mk-page-section self-hosted mk-blur-parent mk-shortcode  \" ><div class=\"mk-video-color-mask\"><\/div><div class=\"background-clipper\"><div id=\"background-layer--69fc7ea12a0bc\" class=\"background-layer mk-background-stretch  clipper-false parallax-false\" data-speedFactor=\"0.3\"><\/div><\/div><div class=\"mk-grid vc_row-fluid page-section-content\"><div class=\"mk-padding-wrapper\">\n\t<div style=\"\" class=\"vc_col-sm-12 wpb_column column_container \">\n\t\t\t<h2 style=\"font-size: 70px;text-align:left;color: #ffffff;font-style:inhert;font-weight:900;padding-top:345px;padding-bottom:0px; text-transform:uppercase;letter-spacing:0px;\" id=\"fancy-title-69fc7ea12a393\" class=\"mk-shortcode mk-fancy-title fancy-title-align-left mk-force-responsive  mk-animate-element fade-in simple-style \"><span style=\"\">\n<p style=\"text-align: left;\">Servi\u00e7os<\/p>\n<\/span><\/h2><div class=\"clearboth\"><\/div>\n\t<\/div><\/div><div class=\"clearboth\"><\/div><\/div><div class=\"clearboth\"><\/div><\/div><div><div><div><div id=\"ajax-69fc7ea12a0bc\" class=\"mk-dynamic-styles\"><!--  .full-width-69fc7ea12a0bc { min-height:450px; padding:0px 0 0px; margin-bottom:0px; } #background-layer--69fc7ea12a0bc { background-image:url(https:\/\/residencialgeriatrico.com.br\/wp-content\/uploads\/2015\/04\/cheering.jpg); background-position:center bottom; background-repeat:repeat; ; } .mk-main-wrapper { display: none; } #theme-page { padding-top:0; }--><\/div><div class=\"clearboth\"><\/div><\/div><\/div><\/div><div id=\"mk-page-section-69fc7ea12a4ff\" data-intro-effect=\"false\" class=\"full-width-69fc7ea12a4ff  full-height-false mk-page-section self-hosted mk-blur-parent mk-shortcode  \" ><div class=\"mk-video-color-mask\"><\/div><div class=\"background-clipper\"><\/div><div class=\"mk-grid vc_row-fluid page-section-content\"><div class=\"mk-padding-wrapper\">\n\t<div style=\"\" class=\"vc_col-sm-6 wpb_column column_container \">\n\t\t\t\t<div style=\" margin-bottom:0px;text-align: left;\" class=\"mk-text-block  true\"><p>Embora muitos idosos fa\u00e7am quest\u00e3o da sua independ\u00eancia, n\u00f3s do Residencial Geri\u00e1trico Praia dos Amores sabemos que as pessoas com idade avan\u00e7ada precisam de cuidados gerais. Cuidar bem do seu idoso \u00e9 uma tarefa fundamental para proporcionar um envelhecimento mais saud\u00e1vel.<\/p>\n<div class=\"clearboth\"><\/div><\/div> \n\t<\/div>\n\t<div style=\"\" class=\"vc_col-sm-6 wpb_column column_container \">\n\t\t\t\t<div style=\" margin-bottom:0px;text-align: left;\" class=\"mk-text-block  true\"><p>Tendo como prioridade o bem-estar de nossos pacientes e cuidando deles como se fosse gente da nossa pr\u00f3pria fam\u00edlia, estamos sempre nos aperfei\u00e7oando e conquistando a confian\u00e7a dos nossos clientes e seus familiares\u00a0atrav\u00e9s de um atendimento profissional e uma grande variedade\u00a0de servi\u00e7os:<\/p>\n<div class=\"clearboth\"><\/div><\/div> \n\t<\/div><\/div><div class=\"clearboth\"><\/div><\/div><div class=\"clearboth\"><\/div><\/div><div class=\"mk-main-wrapper-holder\"><div class=\"theme-page-wrapper  -layout mk-grid vc_row-fluid row-fluid\"><div class=\"theme-content \"><div id=\"ajax-69fc7ea12a4ff\" class=\"mk-dynamic-styles\"><!--  .full-width-69fc7ea12a4ff { min-height:100px; padding:53px 0 0px; margin-bottom:0px; } #background-layer--69fc7ea12a4ff { background-position:left top; background-repeat:repeat; ; } .mk-main-wrapper { display: none; } #theme-page { padding-top:0; }--><\/div><div class=\"clearboth\"><\/div><\/div><\/div><\/div><div id=\"mk-page-section-69fc7ea12a859\" data-intro-effect=\"false\" class=\"full-width-69fc7ea12a859 mk-background-stretch  full-height-false mk-page-section self-hosted mk-blur-parent mk-shortcode  \" ><div class=\"mk-video-color-mask\"><\/div><div class=\"background-clipper\"><\/div><div class=\"vc_row-fluid page-section-fullwidth page-section-content\"><div class=\"mk-padding-wrapper\">\n\t<div style=\"\" class=\"vc_col-sm-6 wpb_column column_container \">\n\t\t\t<div class=\"mk-image-shortcode mk-shortcode   align-right simple-frame inside-image \" style=\"max-width: 600px; margin-bottom:-50px\"><div class=\"mk-image-inner\"><img class=\"lightbox-false\" alt=\"\" title=\"\" src=\"https:\/\/residencialgeriatrico.com.br\/wp-content\/uploads\/2015\/04\/000011047279senior-with-dr.jpg\" \/><\/div><div class=\"clearboth\"><\/div><\/div>\n\t<\/div>\n\t<div style=\"\" class=\"vc_col-sm-6 wpb_column column_container vc_custom_1429644880902 \">\n\t\t\t<h2 style=\"font-size: 25px;text-align:left;color: #393836;font-style:inhert;font-weight:bold;padding-top:70px;padding-bottom:27px; text-transform:initial;letter-spacing:0px;\" id=\"fancy-title-69fc7ea12aafd\" class=\"mk-shortcode mk-fancy-title fancy-title-align-left  mk-animate-element fade-in simple-style \"><span style=\"\">M\u00e9dico Geriatra<\/span><\/h2><div class=\"clearboth\"><\/div>\t<div style=\" margin-bottom:0px;text-align: left;\" class=\"mk-text-block  true\"><p>Nessa fase da vida, todos os aspectos da sa\u00fade s\u00e3o importantes. Portando nossos geriatras\u00a0se preocupam particularidades do processo de envelhecimento do idoso como um todo. Este acompanhamento peri\u00f3dico ir\u00e1 oferecer\u00a0uma\u00a0melhor qualidade de vida por per\u00edodo mais longo.<\/p>\n<div class=\"clearboth\"><\/div><\/div> \n\t<\/div><\/div><div class=\"clearboth\"><\/div><\/div><div class=\"clearboth\"><\/div><\/div><div><div><div><div id=\"ajax-69fc7ea12a859\" class=\"mk-dynamic-styles\"><!--  .full-width-69fc7ea12a859 { min-height:500px; padding:0px 0 0px; margin-bottom:0px; background-color:#f2f2f2; } #background-layer--69fc7ea12a859 { background-position:left top; background-repeat:repeat; ; } .full-width-69fc7ea12a859 .mk-fancy-title.pattern-style span, .full-width-69fc7ea12a859 .mk-blog-view-all { background-color: #f2f2f2 !important; }--><\/div><div class=\"clearboth\"><\/div><\/div><\/div><\/div><div id=\"mk-page-section-69fc7ea12ac8c\" data-intro-effect=\"false\" class=\"full-width-69fc7ea12ac8c mk-background-stretch  full-height-false mk-page-section self-hosted mk-blur-parent mk-shortcode  \" ><div class=\"mk-video-color-mask\"><\/div><div class=\"background-clipper\"><\/div><div class=\"vc_row-fluid page-section-fullwidth page-section-content\"><div class=\"mk-padding-wrapper\">\n\t<div style=\"\" class=\"vc_col-sm-6 wpb_column column_container vc_custom_1429643997773 \">\n\t\t\t<h2 style=\"font-size: 25px;text-align:left;color: #393836;font-style:inhert;font-weight:bold;padding-top:70px;padding-bottom:27px; text-transform:initial;letter-spacing:0px;\" id=\"fancy-title-69fc7ea12ad67\" class=\"mk-shortcode mk-fancy-title fancy-title-align-left  mk-animate-element fade-in simple-style \"><span style=\"\">Nutricionista<\/span><\/h2><div class=\"clearboth\"><\/div>\t<div style=\" margin-bottom:0px;text-align: left;\" class=\"mk-text-block  true\"><p>Nossos nutricionistas ir\u00e3o auxiliar seu idoso nas refei\u00e7\u00f5es, para uma alimenta\u00e7\u00e3o nutritiva, saud\u00e1vel e uma melhor qualidade de vida. Isto porque o planejamento das necessidades nutricionais de um idoso \u00e9 fundamental para\u00a0uma longevidade.<\/p>\n<div class=\"clearboth\"><\/div><\/div> \n\t<\/div>\n\t<div style=\"\" class=\"vc_col-sm-6 wpb_column column_container \">\n\t\t\t<div class=\"mk-image-shortcode mk-shortcode   align-right simple-frame inside-image \" style=\"max-width: 600px; margin-bottom:-50px\"><div class=\"mk-image-inner\"><img class=\"lightbox-false\" alt=\"\" title=\"\" src=\"https:\/\/residencialgeriatrico.com.br\/wp-content\/uploads\/2015\/04\/food.jpg\" \/><\/div><div class=\"clearboth\"><\/div><\/div>\n\t<\/div><\/div><div class=\"clearboth\"><\/div><\/div><div class=\"clearboth\"><\/div><\/div><div><div><div><div id=\"ajax-69fc7ea12ac8c\" class=\"mk-dynamic-styles\"><!--  .full-width-69fc7ea12ac8c { min-height:100px; padding:0px 0 0px; margin-bottom:0px; background-color:#f2f2f2; } #background-layer--69fc7ea12ac8c { background-position:left top; background-repeat:repeat; ; } .mk-main-wrapper { display: none; } #theme-page { padding-top:0; } .full-width-69fc7ea12ac8c .mk-fancy-title.pattern-style span, .full-width-69fc7ea12ac8c .mk-blog-view-all { background-color: #f2f2f2 !important; }--><\/div><div class=\"clearboth\"><\/div><\/div><\/div><\/div><div id=\"mk-page-section-69fc7ea12af92\" data-intro-effect=\"false\" class=\"full-width-69fc7ea12af92 mk-background-stretch  full-height-false mk-page-section self-hosted mk-blur-parent mk-shortcode  \" ><div class=\"mk-video-color-mask\"><\/div><div class=\"background-clipper\"><\/div><div class=\"vc_row-fluid page-section-fullwidth page-section-content\"><div class=\"mk-padding-wrapper\">\n\t<div style=\"\" class=\"vc_col-sm-6 wpb_column column_container \">\n\t\t\t<div class=\"mk-image-shortcode mk-shortcode   align-left simple-frame inside-image \" style=\"max-width: 600px; margin-bottom:-50px\"><div class=\"mk-image-inner\"><img class=\"lightbox-false\" alt=\"\" title=\"\" src=\"https:\/\/residencialgeriatrico.com.br\/wp-content\/uploads\/2015\/04\/IMG_55175.jpg\" \/><\/div><div class=\"clearboth\"><\/div><\/div>\n\t<\/div>\n\t<div style=\"\" class=\"vc_col-sm-6 wpb_column column_container vc_custom_1429644880902 \">\n\t\t\t<h2 style=\"font-size: 25px;text-align:left;color: #393836;font-style:inhert;font-weight:bold;padding-top:70px;padding-bottom:27px; text-transform:initial;letter-spacing:0px;\" id=\"fancy-title-69fc7ea12b1bf\" class=\"mk-shortcode mk-fancy-title fancy-title-align-left  mk-animate-element fade-in simple-style \"><span style=\"\">Atividades F\u00edsicas<\/span><\/h2><div class=\"clearboth\"><\/div>\t<div style=\" margin-bottom:0px;text-align: left;\" class=\"mk-text-block  true\"><p>Todos sabem que a\u00a0atividade f\u00edsica para os idosos ajuda a melhorar a for\u00e7a dos m\u00fasculos\u00a0e\u00a0previne doen\u00e7as como diabetes, osteoporose\u00a0e\u00a0depress\u00e3o. Al\u00e9m de promover tamb\u00e9m o contato com outras pessoas, evitando o isolamento.\u00a0Portanto a\u00a0\u00a0atividade f\u00edsica faz\u00a0parte das nossas\u00a0atividades do dia a dia, mas sempre sob prescri\u00e7\u00e3o e supervis\u00e3o do m\u00e9dico geriatra e orienta\u00e7\u00e3o qualificada.<\/p>\n<div class=\"clearboth\"><\/div><\/div> \n\t<\/div><\/div><div class=\"clearboth\"><\/div><\/div><div class=\"clearboth\"><\/div><\/div><div><div><div><div id=\"ajax-69fc7ea12af92\" class=\"mk-dynamic-styles\"><!--  .full-width-69fc7ea12af92 { min-height:500px; padding:0px 0 0px; margin-bottom:0px; background-color:#f2f2f2; } #background-layer--69fc7ea12af92 { background-position:left top; background-repeat:repeat; ; } .full-width-69fc7ea12af92 .mk-fancy-title.pattern-style span, .full-width-69fc7ea12af92 .mk-blog-view-all { background-color: #f2f2f2 !important; }--><\/div><div class=\"clearboth\"><\/div><\/div><\/div><\/div><div id=\"mk-page-section-69fc7ea12b37d\" data-intro-effect=\"false\" class=\"full-width-69fc7ea12b37d mk-background-stretch  full-height-false mk-page-section self-hosted mk-blur-parent mk-shortcode  \" ><div class=\"mk-video-color-mask\"><\/div><div class=\"background-clipper\"><\/div><div class=\"vc_row-fluid page-section-fullwidth page-section-content\"><div class=\"mk-padding-wrapper\">\n\t<div style=\"\" class=\"vc_col-sm-6 wpb_column column_container vc_custom_1429643997773 \">\n\t\t\t<h2 style=\"font-size: 25px;text-align:left;color: #393836;font-style:inhert;font-weight:bold;padding-top:70px;padding-bottom:27px; text-transform:initial;letter-spacing:0px;\" id=\"fancy-title-69fc7ea12b49a\" class=\"mk-shortcode mk-fancy-title fancy-title-align-left  mk-animate-element fade-in simple-style \"><span style=\"\">Fisioterapia<\/span><\/h2><div class=\"clearboth\"><\/div>\t<div style=\" margin-bottom:0px;text-align: left;\" class=\"mk-text-block  true\"><p>A fisioterapia para os idosos previne doen\u00e7as e auxilia na manuten\u00e7\u00e3o das funcionalidades do organismo.<\/p>\n<p>Nossos fisioterapeutas utilizando-se de t\u00e9cnicas como exerc\u00edcios ativos, buscando\u00a0equil\u00edbrio dos pacientes, proporcionando\u00a0ao idoso a melhora na sua qualidade de vida\u00a0e ajudando com sias\u00a0limita\u00e7\u00f5es acometidas pela idade.<\/p>\n<div class=\"clearboth\"><\/div><\/div> \n\t<\/div>\n\t<div style=\"\" class=\"vc_col-sm-6 wpb_column column_container \">\n\t\t\t<div class=\"mk-image-shortcode mk-shortcode   align-right simple-frame inside-image \" style=\"max-width: 600px; margin-bottom:-50px\"><div class=\"mk-image-inner\"><img class=\"lightbox-false\" alt=\"\" title=\"\" src=\"https:\/\/residencialgeriatrico.com.br\/wp-content\/uploads\/2015\/04\/IMG_5522.jpg\" \/><\/div><div class=\"clearboth\"><\/div><\/div>\n\t<\/div><\/div><div class=\"clearboth\"><\/div><\/div><div class=\"clearboth\"><\/div><\/div><div><div><div><div id=\"ajax-69fc7ea12b37d\" class=\"mk-dynamic-styles\"><!--  .full-width-69fc7ea12b37d { min-height:100px; padding:0px 0 0px; margin-bottom:0px; background-color:#f2f2f2; } #background-layer--69fc7ea12b37d { background-position:left top; background-repeat:repeat; ; } .mk-main-wrapper { display: none; } #theme-page { padding-top:0; } .full-width-69fc7ea12b37d .mk-fancy-title.pattern-style span, .full-width-69fc7ea12b37d .mk-blog-view-all { background-color: #f2f2f2 !important; }--><\/div><div class=\"clearboth\"><\/div><\/div><\/div><\/div><div id=\"mk-page-section-69fc7ea12b778\" data-intro-effect=\"false\" class=\"full-width-69fc7ea12b778 mk-background-stretch  full-height-false mk-page-section self-hosted mk-blur-parent mk-shortcode  \" ><div class=\"mk-video-color-mask\"><\/div><div class=\"background-clipper\"><\/div><div class=\"vc_row-fluid page-section-fullwidth page-section-content\"><div class=\"mk-padding-wrapper\">\n\t<div style=\"\" class=\"vc_col-sm-6 wpb_column column_container \">\n\t\t\t<div class=\"mk-image-shortcode mk-shortcode   align-right simple-frame inside-image \" style=\"max-width: 600px; margin-bottom:-50px\"><div class=\"mk-image-inner\"><img class=\"lightbox-false\" alt=\"\" title=\"\" src=\"https:\/\/residencialgeriatrico.com.br\/wp-content\/uploads\/2015\/04\/music.jpg\" \/><\/div><div class=\"clearboth\"><\/div><\/div>\n\t<\/div>\n\t<div style=\"\" class=\"vc_col-sm-6 wpb_column column_container vc_custom_1429644880902 \">\n\t\t\t<h2 style=\"font-size: 25px;text-align:left;color: #393836;font-style:inhert;font-weight:bold;padding-top:70px;padding-bottom:27px; text-transform:initial;letter-spacing:0px;\" id=\"fancy-title-69fc7ea12b9aa\" class=\"mk-shortcode mk-fancy-title fancy-title-align-left  mk-animate-element fade-in simple-style \"><span style=\"\">Musicoterapia<\/span><\/h2><div class=\"clearboth\"><\/div>\t<div style=\" margin-bottom:0px;text-align: left;\" class=\"mk-text-block  true\"><p>Buscando a recupera\u00e7\u00e3o da autoestima e auxiliando nas mudan\u00e7as que ocorrem na velhice, a musicoterapia ajuda na estimula\u00e7\u00e3o da fala, criatividade, aumento da for\u00e7a e diminui\u00e7\u00e3o da depress\u00e3o. S\u00e3o atividades que envolve\u00a0cantar, brincar, tocar, improvisar e criar, estimulando um trabalho mental e corporal do idoso.<\/p>\n<div class=\"clearboth\"><\/div><\/div> \n\t<\/div><\/div><div class=\"clearboth\"><\/div><\/div><div class=\"clearboth\"><\/div><\/div><div><div><div><div id=\"ajax-69fc7ea12b778\" class=\"mk-dynamic-styles\"><!--  .full-width-69fc7ea12b778 { min-height:500px; padding:0px 0 0px; margin-bottom:0px; background-color:#f2f2f2; } #background-layer--69fc7ea12b778 { background-position:left top; background-repeat:repeat; ; } .full-width-69fc7ea12b778 .mk-fancy-title.pattern-style span, .full-width-69fc7ea12b778 .mk-blog-view-all { background-color: #f2f2f2 !important; }--><\/div><div class=\"clearboth\"><\/div><\/div><\/div><\/div><div id=\"mk-page-section-69fc7ea12bb6d\" data-intro-effect=\"false\" class=\"full-width-69fc7ea12bb6d mk-background-stretch  full-height-false mk-page-section self-hosted mk-blur-parent mk-shortcode  \" ><div class=\"mk-video-color-mask\"><\/div><div class=\"background-clipper\"><\/div><div class=\"vc_row-fluid page-section-fullwidth page-section-content\"><div class=\"mk-padding-wrapper\">\n\t<div style=\"\" class=\"vc_col-sm-6 wpb_column column_container vc_custom_1429643997773 \">\n\t\t\t<h2 style=\"font-size: 25px;text-align:left;color: #393836;font-style:inhert;font-weight:bold;padding-top:70px;padding-bottom:27px; text-transform:initial;letter-spacing:0px;\" id=\"fancy-title-69fc7ea12bc7d\" class=\"mk-shortcode mk-fancy-title fancy-title-align-left  mk-animate-element fade-in simple-style \"><span style=\"\">Massoterapia<\/span><\/h2><div class=\"clearboth\"><\/div>\t<div style=\" margin-bottom:0px;text-align: left;\" class=\"mk-text-block  true\"><p>A massoterapia\u00a0para os idosos \u00e9\u00a0muito\u00a0eficaz devido aos desafios tanto emocionais quanto f\u00edsicos que os idosos experimentam podendo trazer alguns dos resultados que seriam conseguidos atrav\u00e9s de exerc\u00edcios.\u00a0\u00c9 uma forma ideal para ajudar o idoso a manter a qualidade de vida, ajudando e aliviando os problemas f\u00edsicos e emocionais.<\/p>\n<div class=\"clearboth\"><\/div><\/div> \n\t<\/div>\n\t<div style=\"\" class=\"vc_col-sm-6 wpb_column column_container \">\n\t\t\t<div class=\"mk-image-shortcode mk-shortcode   align-right simple-frame inside-image \" style=\"max-width: 600px; margin-bottom:-50px\"><div class=\"mk-image-inner\"><img class=\"lightbox-false\" alt=\"\" title=\"\" src=\"https:\/\/residencialgeriatrico.com.br\/wp-content\/uploads\/2015\/04\/massoterapia.jpg\" \/><\/div><div class=\"clearboth\"><\/div><\/div>\n\t<\/div><\/div><div class=\"clearboth\"><\/div><\/div><div class=\"clearboth\"><\/div><\/div><div><div><div><div id=\"ajax-69fc7ea12bb6d\" class=\"mk-dynamic-styles\"><!--  .full-width-69fc7ea12bb6d { min-height:100px; padding:0px 0 0px; margin-bottom:0px; background-color:#f2f2f2; } #background-layer--69fc7ea12bb6d { background-position:left top; background-repeat:repeat; ; } .mk-main-wrapper { display: none; } #theme-page { padding-top:0; } .full-width-69fc7ea12bb6d .mk-fancy-title.pattern-style span, .full-width-69fc7ea12bb6d .mk-blog-view-all { background-color: #f2f2f2 !important; }--><\/div><div class=\"clearboth\"><\/div><\/div><\/div><\/div><div id=\"mk-page-section-69fc7ea12bf69\" data-intro-effect=\"false\" class=\"full-width-69fc7ea12bf69 mk-background-stretch  full-height-false mk-page-section self-hosted mk-blur-parent mk-shortcode  \" ><div class=\"mk-video-color-mask\"><\/div><div class=\"background-clipper\"><\/div><div class=\"vc_row-fluid page-section-fullwidth page-section-content\"><div class=\"mk-padding-wrapper\">\n\t<div style=\"\" class=\"vc_col-sm-6 wpb_column column_container \">\n\t\t\t<div class=\"mk-image-shortcode mk-shortcode   align-right simple-frame inside-image \" style=\"max-width: 600px; margin-bottom:-50px\"><div class=\"mk-image-inner\"><img class=\"lightbox-false\" alt=\"\" title=\"\" src=\"https:\/\/residencialgeriatrico.com.br\/wp-content\/uploads\/2015\/04\/happy-older-woman.jpg\" \/><\/div><div class=\"clearboth\"><\/div><\/div>\n\t<\/div>\n\t<div style=\"\" class=\"vc_col-sm-6 wpb_column column_container vc_custom_1429644880902 \">\n\t\t\t<h2 style=\"font-size: 25px;text-align:left;color: #393836;font-style:inhert;font-weight:bold;padding-top:70px;padding-bottom:27px; text-transform:initial;letter-spacing:0px;\" id=\"fancy-title-69fc7ea12c1b6\" class=\"mk-shortcode mk-fancy-title fancy-title-align-left  mk-animate-element fade-in simple-style \"><span style=\"\">Cabelo e Manicure<\/span><\/h2><div class=\"clearboth\"><\/div>\t<div style=\" margin-bottom:0px;text-align: left;\" class=\"mk-text-block  true\"><p>Para um envelhecimento saud\u00e1vel \u00e9 imprescind\u00edvel que a autoestima esteja presente\u00a0e\u00a0cada pessoa deve se sentir bem consigo mesmo. Muitas vezes isso pode significar\u00a0sentir-se bonito, mesmo estando idoso. \u00c9 com esta premissa, que estamos sempre sempre cuidando da n\u00e3o s\u00f3 da sa\u00fade, mas tamb\u00e9m da apar\u00eancia dos nossos clientes.<\/p>\n<div class=\"clearboth\"><\/div><\/div> \n\t<\/div><\/div><div class=\"clearboth\"><\/div><\/div><div class=\"clearboth\"><\/div><\/div><div><div><div><div id=\"ajax-69fc7ea12bf69\" class=\"mk-dynamic-styles\"><!--  .full-width-69fc7ea12bf69 { min-height:500px; padding:0px 0 0px; margin-bottom:0px; background-color:#f2f2f2; } #background-layer--69fc7ea12bf69 { background-position:left top; background-repeat:repeat; ; } .full-width-69fc7ea12bf69 .mk-fancy-title.pattern-style span, .full-width-69fc7ea12bf69 .mk-blog-view-all { background-color: #f2f2f2 !important; }--><\/div><div class=\"clearboth\"><\/div><\/div><\/div><\/div><div id=\"mk-page-section-69fc7ea12c37f\" data-intro-effect=\"false\" class=\"full-width-69fc7ea12c37f mk-background-stretch  full-height-false mk-page-section self-hosted mk-blur-parent mk-shortcode  \" ><div class=\"mk-video-color-mask\"><\/div><div class=\"background-clipper\"><\/div><div class=\"vc_row-fluid page-section-fullwidth page-section-content\"><div class=\"mk-padding-wrapper\">\n\t<div style=\"\" class=\"vc_col-sm-6 wpb_column column_container vc_custom_1429643997773 \">\n\t\t\t<h2 style=\"font-size: 25px;text-align:left;color: #393836;font-style:inhert;font-weight:bold;padding-top:70px;padding-bottom:27px; text-transform:initial;letter-spacing:0px;\" id=\"fancy-title-69fc7ea12c4a1\" class=\"mk-shortcode mk-fancy-title fancy-title-align-left  mk-animate-element fade-in simple-style \"><span style=\"\">Enfermagem 24h<\/span><\/h2><div class=\"clearboth\"><\/div>\t<div style=\" margin-bottom:0px;text-align: left;\" class=\"mk-text-block  true\"><p>A enfermaria do Residencial Geri\u00e1trico Praia dos Amores\u00a0conta com uma equipe especializada e experiente 24 horas por dia,\u00a07 dias da semana, finais de semana e feriados,\u00a0visando proporcionar um melhor acolhimento de nossos pacientes.<\/p>\n<div class=\"clearboth\"><\/div><\/div> \n\t<\/div>\n\t<div style=\"\" class=\"vc_col-sm-6 wpb_column column_container \">\n\t\t\t<div class=\"mk-image-shortcode mk-shortcode   align-right simple-frame inside-image \" style=\"max-width: 600px; margin-bottom:-50px\"><div class=\"mk-image-inner\"><img class=\"lightbox-false\" alt=\"\" title=\"\" src=\"https:\/\/residencialgeriatrico.com.br\/wp-content\/uploads\/2015\/04\/idoso.jpg\" \/><\/div><div class=\"clearboth\"><\/div><\/div>\n\t<\/div><\/div><div class=\"clearboth\"><\/div><\/div><div class=\"clearboth\"><\/div><\/div><div><div><div><div id=\"ajax-69fc7ea12c37f\" class=\"mk-dynamic-styles\"><!--  .full-width-69fc7ea12c37f { min-height:100px; padding:0px 0 0px; margin-bottom:0px; background-color:#f2f2f2; } #background-layer--69fc7ea12c37f { background-position:left top; background-repeat:repeat; ; } .mk-main-wrapper { display: none; } #theme-page { padding-top:0; } .full-width-69fc7ea12c37f .mk-fancy-title.pattern-style span, .full-width-69fc7ea12c37f .mk-blog-view-all { background-color: #f2f2f2 !important; }--><\/div><div class=\"clearboth\"><\/div><\/div><\/div><\/div><div id=\"mk-page-section-69fc7ea12c770\" data-intro-effect=\"false\" class=\"full-width-69fc7ea12c770  full-height-false mk-page-section self-hosted mk-blur-parent mk-shortcode  \" ><div class=\"mk-video-color-mask\"><\/div><div class=\"background-clipper\"><\/div><div class=\"mk-grid vc_row-fluid page-section-content\"><div class=\"mk-padding-wrapper\">\n\t<div style=\"\" class=\"vc_col-sm-12 wpb_column column_container \">\n\t\t\t<h2 style=\"font-size: 49px;text-align:center;color: #266caf;font-style:inhert;font-weight:300;padding-top:0px;padding-bottom:18px; text-transform:uppercase;letter-spacing:0px;\" id=\"fancy-title-69fc7ea12c876\" class=\"mk-shortcode mk-fancy-title fancy-title-align-center mk-force-responsive  mk-animate-element scale-up simple-style \"><span style=\"\">\n<p style=\"text-align: center;\">Todos estes servi\u00e7os est\u00e3o inclusos no valor da mensalidade.<\/p>\n<\/span><\/h2><div class=\"clearboth\"><\/div>\n\t<\/div><\/div><div class=\"clearboth\"><\/div><\/div><div class=\"clearboth\"><\/div><\/div><div class=\"mk-main-wrapper-holder\"><div class=\"theme-page-wrapper  -layout mk-grid vc_row-fluid row-fluid\"><div class=\"theme-content \"><div id=\"ajax-69fc7ea12c770\" class=\"mk-dynamic-styles\"><!--  .full-width-69fc7ea12c770 { min-height:100px; padding:10px 0 10px; margin-bottom:0px; } #background-layer--69fc7ea12c770 { background-position:left top; background-repeat:repeat; ; } --><\/div>\n","protected":false},"excerpt":{"rendered":"Servi\u00e7os Embora muitos idosos fa\u00e7am quest\u00e3o da sua independ\u00eancia, n\u00f3s do Residencial Geri\u00e1trico Praia dos Amores sabemos que as pessoas com idade avan\u00e7ada precisam de cuidados gerais. Cuidar bem do seu idoso \u00e9 uma tarefa fundamental para proporcionar um envelhecimento mais saud\u00e1vel. Tendo como prioridade o bem-estar de nossos pacientes e cuidando deles como se [...]","protected":false},"author":1,"featured_media":0,"parent":0,"menu_order":0,"comment_status":"open","ping_status":"open","template":"","meta":{"_monsterinsights_skip_tracking":false,"_monsterinsights_sitenote_active":false,"_monsterinsights_sitenote_note":"","_monsterinsights_sitenote_category":0},"aioseo_notices":[],"_links":{"self":[{"href":"https:\/\/residencialgeriatrico.com.br\/index.php\/wp-json\/wp\/v2\/pages\/54"}],"collection":[{"href":"https:\/\/residencialgeriatrico.com.br\/index.php\/wp-json\/wp\/v2\/pages"}],"about":[{"href":"https:\/\/residencialgeriatrico.com.br\/index.php\/wp-json\/wp\/v2\/types\/page"}],"author":[{"embeddable":true,"href":"https:\/\/residencialgeriatrico.com.br\/index.php\/wp-json\/wp\/v2\/users\/1"}],"replies":[{"embeddable":true,"href":"https:\/\/residencialgeriatrico.com.br\/index.php\/wp-json\/wp\/v2\/comments?post=54"}],"version-history":[{"count":8,"href":"https:\/\/residencialgeriatrico.com.br\/index.php\/wp-json\/wp\/v2\/pages\/54\/revisions"}],"predecessor-version":[{"id":274,"href":"https:\/\/residencialgeriatrico.com.br\/index.php\/wp-json\/wp\/v2\/pages\/54\/revisions\/274"}],"wp:attachment":[{"href":"https:\/\/residencialgeriatrico.com.br\/index.php\/wp-json\/wp\/v2\/media?parent=54"}],"curies":[{"name":"wp","href":"https:\/\/api.w.org\/{rel}","templated":true}]}}